{"id":80,"date":"2023-10-30T10:05:58","date_gmt":"2023-10-30T09:05:58","guid":{"rendered":"http:\/\/veseleslozenky.cz\/?page_id=80"},"modified":"2023-10-30T11:02:36","modified_gmt":"2023-10-30T10:02:36","slug":"kalkulacka-uspor","status":"publish","type":"page","link":"https:\/\/veseleslozenky.cz\/index.php\/kalkulacka-uspor\/","title":{"rendered":"Kalkula\u010dka \u00faspor"},"content":{"rendered":"<p>[et_pb_section fb_built=&#8220;1&#8243; custom_padding_last_edited=&#8220;on|phone&#8220; next_background_color=&#8220;#ffffff&#8220; module_id=&#8220;home&#8220; _builder_version=&#8220;4.22.1&#8243; _module_preset=&#8220;default&#8220; background_color=&#8220;#5e489b&#8220; background_enable_image=&#8220;off&#8220; background_position=&#8220;top_center&#8220; background_enable_pattern_style=&#8220;on&#8220; background_pattern_style=&#8220;confetti&#8220; background_pattern_color=&#8220;rgba(0,0,0,0.07)&#8220; custom_padding=&#8220;0vh||0vh||true|false&#8220; custom_padding_tablet=&#8220;30px||30px||true|false&#8220; custom_padding_phone=&#8220;30px||30px||true|false&#8220; bottom_divider_style=&#8220;curve2&#8243; background_last_edited=&#8220;off|desktop&#8220; use_background_color_gradient_tablet=&#8220;on&#8220; use_background_color_gradient_phone=&#8220;on&#8220; background_color_gradient_direction_tablet=&#8220;138deg&#8220; background_color_gradient_direction_phone=&#8220;180deg&#8220; background_color_gradient_stops_tablet=&#8220;#5e489b 31%|rgba(94,72,155,0.21) 53%&#8220; background_color_gradient_stops_phone=&#8220;rgba(94,72,155,0) 0%|rgba(94,72,155,0.59) 100%&#8220; background_color_gradient_overlays_image_tablet=&#8220;on&#8220; background_color_gradient_overlays_image_phone=&#8220;on&#8220; background_color_gradient_start_tablet=&#8220;#5e489b&#8220; background_color_gradient_start_phone=&#8220;rgba(94,72,155,0)&#8220; background_color_gradient_start_position_tablet=&#8220;31%&#8220; background_color_gradient_start_position_phone=&#8220;0%&#8220; background_color_gradient_end_tablet=&#8220;rgba(94,72,155,0.21)&#8220; background_color_gradient_end_phone=&#8220;rgba(94,72,155,0.59)&#8220; background_color_gradient_end_position_tablet=&#8220;53%&#8220; background_color_gradient_end_position_phone=&#8220;100%&#8220; global_colors_info=&#8220;{}&#8220;][et_pb_row column_structure=&#8220;2_3,1_3&#8243; use_custom_gutter=&#8220;on&#8220; gutter_width=&#8220;1&#8243; make_equal=&#8220;on&#8220; _builder_version=&#8220;4.22.1&#8243; _module_preset=&#8220;default&#8220; width=&#8220;90%&#8220; max_width=&#8220;1800px&#8220; custom_padding=&#8220;0px||0px||true|false&#8220; global_colors_info=&#8220;{}&#8220;][et_pb_column type=&#8220;2_3&#8243; _builder_version=&#8220;4.22.1&#8243; _module_preset=&#8220;default&#8220; animation_style=&#8220;slide&#8220; animation_direction=&#8220;left&#8220; animation_duration=&#8220;1500ms&#8220; animation_speed_curve=&#8220;ease&#8220; custom_css_main_element=&#8220;margin: auto;&#8220; global_colors_info=&#8220;{}&#8220;][et_pb_text _builder_version=&#8220;4.22.1&#8243; _module_preset=&#8220;default&#8220; header_font=&#8220;Nerko One||||||||&#8220; header_text_align=&#8220;left&#8220; header_text_color=&#8220;#FFFFFF&#8220; header_font_size=&#8220;10vh&#8220; custom_margin=&#8220;-1.5vh||||false|false&#8220; custom_margin_tablet=&#8220;-10px||||false|false&#8220; custom_margin_phone=&#8220;-5px||||false|false&#8220; custom_margin_last_edited=&#8220;on|phone&#8220; header_font_size_tablet=&#8220;80px&#8220; header_font_size_phone=&#8220;55px&#8220; header_font_size_last_edited=&#8220;on|phone&#8220; global_colors_info=&#8220;{}&#8220;]<\/p>\n<h1>Vesel\u00e9 slo\u017eenky<\/h1>\n<p>[\/et_pb_text][et_pb_text content_tablet=&#8220;<\/p>\n<p><span style=%22color: #fdc210;%22>%22Pen\u00edze<\/span> se vrac\u00ed k v\u00e1m%22<\/p>\n<p>&#8220; content_phone=&#8220;<\/p>\n<p><span style=%22color: #fdc210;%22>%22Pen\u00edze<\/span> se vrac\u00ed k v\u00e1m%22<\/p>\n<p>&#8220; content_last_edited=&#8220;off|desktop&#8220; _builder_version=&#8220;4.22.1&#8243; _module_preset=&#8220;default&#8220; text_font=&#8220;Nerko One|||on|||||&#8220; text_text_color=&#8220;#FFFFFF&#8220; text_font_size=&#8220;5vh&#8220; text_line_height=&#8220;1em&#8220; max_width_tablet=&#8220;280px&#8220; max_width_phone=&#8220;400px&#8220; max_width_last_edited=&#8220;on|phone&#8220; module_alignment=&#8220;right&#8220; custom_margin_tablet=&#8220;-184px||||false|false&#8220; custom_margin_phone=&#8220;15px||||false|false&#8220; custom_margin_last_edited=&#8220;on|phone&#8220; text_font_size_tablet=&#8220;35px&#8220; text_font_size_phone=&#8220;30px&#8220; text_font_size_last_edited=&#8220;on|phone&#8220; text_line_height_tablet=&#8220;&#8220; text_line_height_phone=&#8220;1.1em&#8220; text_line_height_last_edited=&#8220;on|phone&#8220; text_orientation_tablet=&#8220;right&#8220; text_orientation_phone=&#8220;center&#8220; text_orientation_last_edited=&#8220;off|tablet&#8220; module_alignment_tablet=&#8220;right&#8220; module_alignment_phone=&#8220;center&#8220; module_alignment_last_edited=&#8220;on|phone&#8220; global_colors_info=&#8220;{}&#8220;]<\/p>\n<p><span style=\"color: #fdc210;\">&#8222;Pen\u00edze <\/span> se vrac\u00ed k v\u00e1m&#8220;<\/p>\n<p>[\/et_pb_text][\/et_pb_column][et_pb_column type=&#8220;1_3&#8243; _builder_version=&#8220;4.16&#8243; _module_preset=&#8220;default&#8220; animation_style=&#8220;bounce&#8220; animation_direction=&#8220;right&#8220; animation_duration=&#8220;1500ms&#8220; animation_speed_curve=&#8220;ease&#8220; global_colors_info=&#8220;{}&#8220;][et_pb_image src=&#8220;https:\/\/veseleslozenky.cz\/wp-content\/uploads\/2023\/09\/0-92902f52-29ba-45c3-b41e-f717e1b8b940-512&#215;512.jpg&#8220; _builder_version=&#8220;4.22.1&#8243; _module_preset=&#8220;default&#8220; border_radii=&#8220;on|50%|50%|50%|50%&#8220; global_colors_info=&#8220;{}&#8220;][\/et_pb_image][\/et_pb_column][\/et_pb_row][\/et_pb_section][et_pb_section fb_built=&#8220;1&#8243; _builder_version=&#8220;4.16&#8243; use_background_color_gradient=&#8220;on&#8220; background_color_gradient_stops=&#8220;rgba(255,255,255,0) 0%|#ffffff 65%&#8220; background_color_gradient_overlays_image=&#8220;on&#8220; background_color_gradient_start=&#8220;rgba(255,255,255,0)&#8220; background_color_gradient_end=&#8220;#ffffff&#8220; background_color_gradient_end_position=&#8220;65%&#8220; background_image=&#8220;https:\/\/veseleslozenky.cz\/wp-content\/uploads\/2023\/09\/kindergarten-2-1-headder-d31.png&#8220; custom_padding=&#8220;90px|0px|0|0px|false|false&#8220; global_colors_info=&#8220;{}&#8220;][et_pb_row use_custom_gutter=&#8220;on&#8220; gutter_width=&#8220;2&#8243; make_equal=&#8220;on&#8220; module_id=&#8220;vyhody&#8220; _builder_version=&#8220;4.22.1&#8243; width=&#8220;90%&#8220; width_tablet=&#8220;90%&#8220; width_phone=&#8220;90%&#8220; width_last_edited=&#8220;on|tablet&#8220; max_width=&#8220;1200px&#8220; max_width_tablet=&#8220;90%&#8220; max_width_phone=&#8220;90%&#8220; max_width_last_edited=&#8220;on|desktop&#8220; custom_padding=&#8220;0px||0px||false|false&#8220; global_colors_info=&#8220;{}&#8220;][et_pb_column type=&#8220;4_4&#8243; _builder_version=&#8220;4.16&#8243; custom_padding=&#8220;|||&#8220; global_colors_info=&#8220;{}&#8220; custom_padding__hover=&#8220;|||&#8220;][et_pb_text _builder_version=&#8220;4.22.1&#8243; header_font=&#8220;Nerko One||||||||&#8220; header_3_font=&#8220;Nerko One||||||||&#8220; header_3_text_align=&#8220;center&#8220; header_3_text_color=&#8220;#343331&#8243; header_3_font_size=&#8220;4vh&#8220; header_3_line_height=&#8220;1.1em&#8220; max_width=&#8220;729px&#8220; module_alignment=&#8220;center&#8220; header_3_font_size_tablet=&#8220;&#8220; header_3_font_size_phone=&#8220;35px&#8220; header_3_font_size_last_edited=&#8220;on|phone&#8220; global_colors_info=&#8220;{}&#8220;]<\/p>\n<h3>Dosta\u0148te Va\u0161e <span style=\"color: #fdc210;\">pen\u00edze zp\u011bt<\/span> a vyu\u017eijte syst\u00e9mu vesel\u00fdch slo\u017eenek<\/h3>\n<p>[\/et_pb_text][et_pb_text _builder_version=&#8220;4.22.1&#8243; text_font=&#8220;Poppins|500|||||||&#8220; text_text_color=&#8220;#9b9b9b&#8220; text_font_size=&#8220;1.2vh&#8220; text_line_height=&#8220;1.6vh&#8220; header_font=&#8220;Nunito Sans|200|||||||&#8220; header_text_align=&#8220;center&#8220; header_text_color=&#8220;#297FCA&#8220; header_font_size=&#8220;40px&#8220; header_line_height=&#8220;1.3em&#8220; text_orientation=&#8220;center&#8220; max_width=&#8220;644px&#8220; max_width_tablet=&#8220;100%&#8220; max_width_phone=&#8220;100%&#8220; max_width_last_edited=&#8220;off|desktop&#8220; module_alignment=&#8220;center&#8220; custom_margin=&#8220;-18px||&#8220; custom_margin_tablet=&#8220;-28px||||false|false&#8220; custom_margin_phone=&#8220;-28px||||false|false&#8220; custom_margin_last_edited=&#8220;on|phone&#8220; global_colors_info=&#8220;{}&#8220;]<\/p>\n<p>Veseleslozenky.cz je syst\u00e9m, kter\u00fd ka\u017ed\u00e9mu dok\u00e1\u017ee zajistit vr\u00e1cen\u00ed \u010d\u00e1sti prost\u0159edk\u016f z pravideln\u00fdch plateb a n\u00e1klad\u016f.<\/p>\n<p>[\/et_pb_text][\/et_pb_column][\/et_pb_row][\/et_pb_section][et_pb_section fb_built=&#8220;1&#8243; custom_padding_last_edited=&#8220;on|phone&#8220; admin_label=&#8220;Featured Places&#8220; _builder_version=&#8220;4.22.1&#8243; background_color=&#8220;#fdc210&#8243; background_image=&#8220;https:\/\/veseleslozenky.cz\/wp-content\/uploads\/2023\/09\/kindergarten-2-1-header-frd1.png&#8220; z_index=&#8220;320&#8243; width=&#8220;90%&#8220; width_tablet=&#8220;90%&#8220; width_phone=&#8220;90%&#8220; width_last_edited=&#8220;on|desktop&#8220; max_width=&#8220;1200px&#8220; max_width_tablet=&#8220;440px&#8220; max_width_phone=&#8220;90%&#8220; max_width_last_edited=&#8220;on|tablet&#8220; module_alignment=&#8220;center&#8220; custom_margin=&#8220;100px||||false|false&#8220; custom_padding=&#8220;90px|100px|100px|100px|false|true&#8220; custom_padding_tablet=&#8220;|25px||25px|false|true&#8220; custom_padding_phone=&#8220;90px|5px|100px|5px|false|true&#8220; border_radii=&#8220;on|50px|50px|50px|50px&#8220; border_radii_tablet=&#8220;&#8220; border_radii_phone=&#8220;on|20px|20px|20px|20px&#8220; border_radii_last_edited=&#8220;on|phone&#8220; global_colors_info=&#8220;{}&#8220;][et_pb_row use_custom_gutter=&#8220;on&#8220; gutter_width=&#8220;1&#8243; make_equal=&#8220;on&#8220; custom_padding_last_edited=&#8220;on|phone&#8220; _builder_version=&#8220;4.16&#8243; width=&#8220;100%&#8220; width_tablet=&#8220;90%&#8220; width_phone=&#8220;90%&#8220; width_last_edited=&#8220;off|desktop&#8220; max_width=&#8220;100%&#8220; max_width_tablet=&#8220;90%&#8220; max_width_phone=&#8220;90%&#8220; max_width_last_edited=&#8220;off|desktop&#8220; custom_padding=&#8220;0px|0px|50px|0px|false|false&#8220; custom_padding_tablet=&#8220;&#8220; custom_padding_phone=&#8220;0px|20px|50px|20px|false|true&#8220; global_colors_info=&#8220;{}&#8220;][et_pb_column type=&#8220;4_4&#8243; _builder_version=&#8220;4.16&#8243; custom_padding=&#8220;|||&#8220; global_colors_info=&#8220;{}&#8220; custom_padding__hover=&#8220;|||&#8220;][et_pb_text _builder_version=&#8220;4.22.1&#8243; header_3_font=&#8220;Nerko One||||||||&#8220; header_3_text_align=&#8220;center&#8220; header_3_text_color=&#8220;#343331&#8243; header_3_font_size=&#8220;50px&#8220; header_3_line_height=&#8220;1.1em&#8220; max_width=&#8220;729px&#8220; module_alignment=&#8220;center&#8220; header_3_font_size_tablet=&#8220;35px&#8220; header_3_font_size_phone=&#8220;35px&#8220; header_3_font_size_last_edited=&#8220;on|phone&#8220; global_colors_info=&#8220;{}&#8220;]<\/p>\n<h3>Kolik lze z\u00edskat pen\u011bz zp\u011bt?<\/h3>\n<p>[\/et_pb_text][\/et_pb_column][\/et_pb_row][et_pb_row use_custom_gutter=&#8220;on&#8220; gutter_width=&#8220;2&#8243; make_equal=&#8220;on&#8220; _builder_version=&#8220;4.22.1&#8243; width=&#8220;100%&#8220; width_tablet=&#8220;90%&#8220; width_phone=&#8220;90%&#8220; width_last_edited=&#8220;on|tablet&#8220; max_width=&#8220;100%&#8220; max_width_tablet=&#8220;90%&#8220; max_width_phone=&#8220;90%&#8220; max_width_last_edited=&#8220;on|desktop&#8220; custom_padding=&#8220;15px||15px||true|false&#8220; hover_enabled=&#8220;0&#8243; global_colors_info=&#8220;{}&#8220; background_enable_color=&#8220;off&#8220; sticky_enabled=&#8220;0&#8243;][et_pb_column type=&#8220;4_4&#8243; _builder_version=&#8220;4.22.1&#8243; transform_translate_linked__hover=&#8220;off&#8220; hover_enabled=&#8220;0&#8243; border_radii=&#8220;on|20px|20px|20px|20px&#8220; border_color_all=&#8220;#FFFFFF&#8220; box_shadow_style=&#8220;preset1&#8243; box_shadow_color=&#8220;rgba(0,0,0,0.12)&#8220; global_colors_info=&#8220;{}&#8220; box_shadow_color__hover=&#8220;rgba(0,0,0,0.21)&#8220; box_shadow_color__hover_enabled=&#8220;on|hover&#8220; transform_styles__hover_enabled=&#8220;on|hover&#8220; transform_scale__hover_enabled=&#8220;on|desktop&#8220; transform_translate__hover=&#8220;0px|-10px&#8220; transform_translate__hover_enabled=&#8220;on|hover&#8220; transform_rotate__hover_enabled=&#8220;on|desktop&#8220; transform_skew__hover_enabled=&#8220;on|desktop&#8220; transform_origin__hover_enabled=&#8220;on|desktop&#8220; box_shadow_blur__hover=&#8220;62px&#8220; box_shadow_blur__hover_enabled=&#8220;on|desktop&#8220; box_shadow_vertical__hover=&#8220;39px&#8220; box_shadow_vertical__hover_enabled=&#8220;on|hover&#8220; background_enable_color=&#8220;off&#8220; sticky_enabled=&#8220;0&#8243;][et_pb_code _builder_version=&#8220;4.22.1&#8243; _module_preset=&#8220;default&#8220; text_orientation=&#8220;center&#8220; hover_enabled=&#8220;0&#8243; global_colors_info=&#8220;{}&#8220; background_enable_color=&#8220;off&#8220; sticky_enabled=&#8220;0&#8243;]\n<div class=\"wpcf7 no-js\" id=\"wpcf7-f79-o1\" lang=\"cs-CZ\" dir=\"ltr\" data-wpcf7-id=\"79\">\n<div class=\"screen-reader-response\"><p role=\"status\" aria-live=\"polite\" aria-atomic=\"true\"><\/p> <ul><\/ul><\/div>\n<form action=\"\/index.php\/wp-json\/wp\/v2\/pages\/80#wpcf7-f79-o1\" method=\"post\" class=\"wpcf7-form init\" aria-label=\"Kontaktn\u00ed formul\u00e1\u0159\" novalidate=\"novalidate\" data-status=\"init\">\n<fieldset class=\"hidden-fields-container\"><input type=\"hidden\" name=\"_wpcf7\" value=\"79\" \/><input type=\"hidden\" name=\"_wpcf7_version\" value=\"6.1.5\" \/><input type=\"hidden\" name=\"_wpcf7_locale\" value=\"cs_CZ\" \/><input type=\"hidden\" name=\"_wpcf7_unit_tag\" value=\"wpcf7-f79-o1\" \/><input type=\"hidden\" name=\"_wpcf7_container_post\" value=\"0\" \/><input type=\"hidden\" name=\"_wpcf7_posted_data_hash\" value=\"\" \/>\n<\/fieldset>\n<p><label> Potraviny<br \/>\n<span class=\"wpcf7-form-control-wrap\" data-name=\"potraviny\"><input class=\"wpcf7-form-control wpcf7-number wpcf7-validates-as-number\" min=\"500\" max=\"50000\" aria-invalid=\"false\" value=\"1000\" type=\"number\" name=\"potraviny\" \/><\/span> <\/label>\n<\/p>\n<p><label> Drogerie<br \/>\n<span class=\"wpcf7-form-control-wrap\" data-name=\"drogerie\"><input class=\"wpcf7-form-control wpcf7-number wpcf7-validates-as-number\" min=\"500\" max=\"50000\" aria-invalid=\"false\" value=\"1000\" type=\"number\" name=\"drogerie\" \/><\/span> <\/label>\n<\/p>\n<p><label> L\u00e9ky<br \/>\n<span class=\"wpcf7-form-control-wrap\" data-name=\"leky\"><input class=\"wpcf7-form-control wpcf7-number wpcf7-validates-as-number\" min=\"100\" max=\"50000\" aria-invalid=\"false\" value=\"1000\" type=\"number\" name=\"leky\" \/><\/span> <\/label>\n<\/p>\n<p><label> Pohonn\u00e9 hmoty (nafta\/benzin)<br \/>\n<span class=\"wpcf7-form-control-wrap\" data-name=\"hmoty\"><input class=\"wpcf7-form-control wpcf7-number wpcf7-validates-as-number\" min=\"500\" max=\"50000\" aria-invalid=\"false\" value=\"1000\" type=\"number\" name=\"hmoty\" \/><\/span> <\/label>\n<\/p>\n<p><label> <\/label>\n<\/p>\n<h3>Uspo\u0159\u00edte celkem za m\u011bs\u00edc:\n<\/h3>\n<p><span class=\"wpcf7-form-control-wrap vypocet\"><input class=\"wpcf7-form-control wpcf7-calculator wpcf7-validates-as-calculator calculationcf7-total\" readonly=\"readonly\" type=\"text\" name=\"vypocet\" value=\"0\" data-formulas=\"(( potraviny * 0.025 ) + ( drogerie * 0.03 )) + (( leky * 0.025 ) + ( hmoty * 0.015 ))\" \/><\/span>\n<\/p>\n<h2>Chci si nechat zaslat kalkulaci na email \ud83d\udc47\n<\/h2>\n<p><label> V\u00e1\u0161 e-mail<br \/>\n<span class=\"wpcf7-form-control-wrap\" data-name=\"your-email\"><input size=\"40\" maxlength=\"400\" class=\"wpcf7-form-control wpcf7-email wpcf7-validates-as-required wpcf7-text wpcf7-validates-as-email\" autocomplete=\"email\" aria-required=\"true\" aria-invalid=\"false\" value=\"\" type=\"email\" name=\"your-email\" \/><\/span> <\/label>\n<\/p>\n<p><label> Va\u0161e zpr\u00e1va (voliteln\u00fd)<br \/>\n<span class=\"wpcf7-form-control-wrap\" data-name=\"your-message\"><textarea cols=\"40\" rows=\"10\" maxlength=\"2000\" class=\"wpcf7-form-control wpcf7-textarea\" aria-invalid=\"false\" name=\"your-message\"><\/textarea><\/span> <\/label>\n<\/p>\n<p><input class=\"wpcf7-form-control wpcf7-submit has-spinner button\" type=\"submit\" value=\"Odeslat\" \/>\n<\/p><div class=\"wpcf7-response-output\" aria-hidden=\"true\"><\/div>\n<\/form>\n<\/div>\n[\/et_pb_code][\/et_pb_column][\/et_pb_row][\/et_pb_section][et_pb_section fb_built=&#8220;1&#8243; _builder_version=&#8220;4.16&#8243; z_index=&#8220;335&#8243; custom_padding=&#8220;72px|0px|95px|0px|false|false&#8220; global_colors_info=&#8220;{}&#8220;][\/et_pb_section]<\/p>\n","protected":false},"excerpt":{"rendered":"<p>Vesel\u00e9 slo\u017eenky&#8220;Pen\u00edze se vrac\u00ed k v\u00e1m&#8220;Dosta\u0148te Va\u0161e pen\u00edze zp\u011bt a vyu\u017eijte syst\u00e9mu vesel\u00fdch slo\u017eenekVeseleslozenky.cz je syst\u00e9m, kter\u00fd ka\u017ed\u00e9mu dok\u00e1\u017ee zajistit vr\u00e1cen\u00ed \u010d\u00e1sti prost\u0159edk\u016f z pravideln\u00fdch plateb a n\u00e1klad\u016f.Kolik lze z\u00edskat pen\u011bz zp\u011bt?\n<div class=\"wpcf7 no-js\" id=\"wpcf7-f79-o2\" lang=\"cs-CZ\" dir=\"ltr\" data-wpcf7-id=\"79\">\n<div class=\"screen-reader-response\"><p role=\"status\" aria-live=\"polite\" aria-atomic=\"true\"><\/p> <ul><\/ul><\/div>\n<form action=\"\/index.php\/wp-json\/wp\/v2\/pages\/80#wpcf7-f79-o2\" method=\"post\" class=\"wpcf7-form init\" aria-label=\"Kontaktn\u00ed formul\u00e1\u0159\" novalidate=\"novalidate\" data-status=\"init\">\n<fieldset class=\"hidden-fields-container\"><input type=\"hidden\" name=\"_wpcf7\" value=\"79\" \/><input type=\"hidden\" name=\"_wpcf7_version\" value=\"6.1.5\" \/><input type=\"hidden\" name=\"_wpcf7_locale\" value=\"cs_CZ\" \/><input type=\"hidden\" name=\"_wpcf7_unit_tag\" value=\"wpcf7-f79-o2\" \/><input type=\"hidden\" name=\"_wpcf7_container_post\" value=\"0\" \/><input type=\"hidden\" name=\"_wpcf7_posted_data_hash\" value=\"\" \/>\n<\/fieldset>\n<p><label> Potraviny<br \/>\n<span class=\"wpcf7-form-control-wrap\" data-name=\"potraviny\"><input class=\"wpcf7-form-control wpcf7-number wpcf7-validates-as-number\" min=\"500\" max=\"50000\" aria-invalid=\"false\" value=\"1000\" type=\"number\" name=\"potraviny\" \/><\/span> <\/label>\n<\/p>\n<p><label> Drogerie<br \/>\n<span class=\"wpcf7-form-control-wrap\" data-name=\"drogerie\"><input class=\"wpcf7-form-control wpcf7-number wpcf7-validates-as-number\" min=\"500\" max=\"50000\" aria-invalid=\"false\" value=\"1000\" type=\"number\" name=\"drogerie\" \/><\/span> <\/label>\n<\/p>\n<p><label> L\u00e9ky<br \/>\n<span class=\"wpcf7-form-control-wrap\" data-name=\"leky\"><input class=\"wpcf7-form-control wpcf7-number wpcf7-validates-as-number\" min=\"100\" max=\"50000\" aria-invalid=\"false\" value=\"1000\" type=\"number\" name=\"leky\" \/><\/span> <\/label>\n<\/p>\n<p><label> Pohonn\u00e9 hmoty (nafta\/benzin)<br \/>\n<span class=\"wpcf7-form-control-wrap\" data-name=\"hmoty\"><input class=\"wpcf7-form-control wpcf7-number wpcf7-validates-as-number\" min=\"500\" max=\"50000\" aria-invalid=\"false\" value=\"1000\" type=\"number\" name=\"hmoty\" \/><\/span> <\/label>\n<\/p>\n<p><label> <\/label>\n<\/p>\n<h3>Uspo\u0159\u00edte celkem za m\u011bs\u00edc:\n<\/h3>\n<p><span class=\"wpcf7-form-control-wrap vypocet\"><input class=\"wpcf7-form-control wpcf7-calculator wpcf7-validates-as-calculator calculationcf7-total\" readonly=\"readonly\" type=\"text\" name=\"vypocet\" value=\"0\" data-formulas=\"(( potraviny * 0.025 ) + ( drogerie * 0.03 )) + (( leky * 0.025 ) + ( hmoty * 0.015 ))\" \/><\/span>\n<\/p>\n<h2>Chci si nechat zaslat kalkulaci na email \ud83d\udc47\n<\/h2>\n<p><label> V\u00e1\u0161 e-mail<br \/>\n<span class=\"wpcf7-form-control-wrap\" data-name=\"your-email\"><input size=\"40\" maxlength=\"400\" class=\"wpcf7-form-control wpcf7-email wpcf7-validates-as-required wpcf7-text wpcf7-validates-as-email\" autocomplete=\"email\" aria-required=\"true\" aria-invalid=\"false\" value=\"\" type=\"email\" name=\"your-email\" \/><\/span> <\/label>\n<\/p>\n<p><label> Va\u0161e zpr\u00e1va (voliteln\u00fd)<br \/>\n<span class=\"wpcf7-form-control-wrap\" data-name=\"your-message\"><textarea cols=\"40\" rows=\"10\" maxlength=\"2000\" class=\"wpcf7-form-control wpcf7-textarea\" aria-invalid=\"false\" name=\"your-message\"><\/textarea><\/span> <\/label>\n<\/p>\n<p><input class=\"wpcf7-form-control wpcf7-submit has-spinner button\" type=\"submit\" value=\"Odeslat\" \/>\n<\/p><div class=\"wpcf7-response-output\" aria-hidden=\"true\"><\/div>\n<\/form>\n<\/div>\n<\/p>\n","protected":false},"author":2,"featured_media":0,"parent":0,"menu_order":0,"comment_status":"closed","ping_status":"closed","template":"","meta":{"_et_pb_use_builder":"on","_et_pb_old_content":"","_et_gb_content_width":"","footnotes":""},"class_list":["post-80","page","type-page","status-publish","hentry"],"aioseo_notices":[],"_links":{"self":[{"href":"https:\/\/veseleslozenky.cz\/index.php\/wp-json\/wp\/v2\/pages\/80","targetHints":{"allow":["GET"]}}],"collection":[{"href":"https:\/\/veseleslozenky.cz\/index.php\/wp-json\/wp\/v2\/pages"}],"about":[{"href":"https:\/\/veseleslozenky.cz\/index.php\/wp-json\/wp\/v2\/types\/page"}],"author":[{"embeddable":true,"href":"https:\/\/veseleslozenky.cz\/index.php\/wp-json\/wp\/v2\/users\/2"}],"replies":[{"embeddable":true,"href":"https:\/\/veseleslozenky.cz\/index.php\/wp-json\/wp\/v2\/comments?post=80"}],"version-history":[{"count":4,"href":"https:\/\/veseleslozenky.cz\/index.php\/wp-json\/wp\/v2\/pages\/80\/revisions"}],"predecessor-version":[{"id":102,"href":"https:\/\/veseleslozenky.cz\/index.php\/wp-json\/wp\/v2\/pages\/80\/revisions\/102"}],"wp:attachment":[{"href":"https:\/\/veseleslozenky.cz\/index.php\/wp-json\/wp\/v2\/media?parent=80"}],"curies":[{"name":"wp","href":"https:\/\/api.w.org\/{rel}","templated":true}]}}